{"id":2057,"date":"2022-01-21T06:28:15","date_gmt":"2022-01-21T05:28:15","guid":{"rendered":"https:\/\/derecupetdart.com\/?post_type=product&#038;p=2057"},"modified":"2022-02-15T15:48:31","modified_gmt":"2022-02-15T14:48:31","slug":"tableau-peinture-et-matieres-planettes","status":"publish","type":"product","link":"https:\/\/derecupetdart.com\/index.php\/produit\/tableau-peinture-et-matieres-planettes\/","title":{"rendered":"Tableau peinture et mati\u00e8res plan\u00e8tes"},"content":{"rendered":"<p>Tableau plan\u00e8tes peinture acrylique et mati\u00e8res.<\/p>\n<p>Dimensions : 80 x 40 cm<\/p>\n<p>Prix : 120\u20ac<\/p>\n","protected":false},"excerpt":{"rendered":"<p>Tableau plan\u00e8tes peinture acrylique et mati\u00e8res. Dimensions : 80 x 40 cm Prix : 120\u20ac<\/p>\n","protected":false},"featured_media":2133,"comment_status":"open","ping_status":"closed","template":"","meta":{"site-sidebar-layout":"default","site-content-layout":"default","ast-main-header-display":"","ast-hfb-above-header-display":"","ast-hfb-below-header-display":"","ast-hfb-mobile-header-display":"","site-post-title":"","ast-breadcrumbs-content":"","ast-featured-img":"","footer-sml-layout":"","theme-transparent-header-meta":"default","adv-header-id-meta":"","stick-header-meta":"","header-above-stick-meta":"","header-main-stick-meta":"","header-below-stick-meta":"","spay_email":""},"product_cat":[55,56,50,28,40,20],"product_tag":[],"_links":{"self":[{"href":"https:\/\/derecupetdart.com\/index.php\/wp-json\/wp\/v2\/product\/2057"}],"collection":[{"href":"https:\/\/derecupetdart.com\/index.php\/wp-json\/wp\/v2\/product"}],"about":[{"href":"https:\/\/derecupetdart.com\/index.php\/wp-json\/wp\/v2\/types\/product"}],"replies":[{"embeddable":true,"href":"https:\/\/derecupetdart.com\/index.php\/wp-json\/wp\/v2\/comments?post=2057"}],"wp:featuredmedia":[{"embeddable":true,"href":"https:\/\/derecupetdart.com\/index.php\/wp-json\/wp\/v2\/media\/2133"}],"wp:attachment":[{"href":"https:\/\/derecupetdart.com\/index.php\/wp-json\/wp\/v2\/media?parent=2057"}],"wp:term":[{"taxonomy":"product_cat","embeddable":true,"href":"https:\/\/derecupetdart.com\/index.php\/wp-json\/wp\/v2\/product_cat?post=2057"},{"taxonomy":"product_tag","embeddable":true,"href":"https:\/\/derecupetdart.com\/index.php\/wp-json\/wp\/v2\/product_tag?post=2057"}],"curies":[{"name":"wp","href":"https:\/\/api.w.org\/{rel}","templated":true}]}}