{"id":1418,"date":"2021-12-01T22:30:37","date_gmt":"2021-12-01T21:30:37","guid":{"rendered":"http:\/\/derecupetdart.com\/?post_type=product&#038;p=1418"},"modified":"2022-02-10T22:48:29","modified_gmt":"2022-02-10T21:48:29","slug":"pot-decore-10","status":"publish","type":"product","link":"https:\/\/derecupetdart.com\/index.php\/produit\/pot-decore-10\/","title":{"rendered":"Pot d\u00e9cor\u00e9 10"},"content":{"rendered":"<p>Petit pot d\u00e9cor\u00e9<\/p>\n<p>hauteur 8 cm<\/p>\n<p>diam\u00e8tre 6 cm<\/p>\n<p>Prix : 2\u20ac<\/p>\n","protected":false},"excerpt":{"rendered":"<p>Petit pot d\u00e9cor\u00e9 hauteur 8 cm diam\u00e8tre 6 cm Prix : 2\u20ac<\/p>\n","protected":false},"featured_media":1052,"comment_status":"open","ping_status":"closed","template":"","meta":{"site-sidebar-layout":"default","site-content-layout":"default","ast-main-header-display":"","ast-hfb-above-header-display":"","ast-hfb-below-header-display":"","ast-hfb-mobile-header-display":"","site-post-title":"","ast-breadcrumbs-content":"","ast-featured-img":"","footer-sml-layout":"","theme-transparent-header-meta":"default","adv-header-id-meta":"","stick-header-meta":"","header-above-stick-meta":"","header-main-stick-meta":"","header-below-stick-meta":"","spay_email":""},"product_cat":[55,56,50,57,24,20,45],"product_tag":[],"_links":{"self":[{"href":"https:\/\/derecupetdart.com\/index.php\/wp-json\/wp\/v2\/product\/1418"}],"collection":[{"href":"https:\/\/derecupetdart.com\/index.php\/wp-json\/wp\/v2\/product"}],"about":[{"href":"https:\/\/derecupetdart.com\/index.php\/wp-json\/wp\/v2\/types\/product"}],"replies":[{"embeddable":true,"href":"https:\/\/derecupetdart.com\/index.php\/wp-json\/wp\/v2\/comments?post=1418"}],"wp:featuredmedia":[{"embeddable":true,"href":"https:\/\/derecupetdart.com\/index.php\/wp-json\/wp\/v2\/media\/1052"}],"wp:attachment":[{"href":"https:\/\/derecupetdart.com\/index.php\/wp-json\/wp\/v2\/media?parent=1418"}],"wp:term":[{"taxonomy":"product_cat","embeddable":true,"href":"https:\/\/derecupetdart.com\/index.php\/wp-json\/wp\/v2\/product_cat?post=1418"},{"taxonomy":"product_tag","embeddable":true,"href":"https:\/\/derecupetdart.com\/index.php\/wp-json\/wp\/v2\/product_tag?post=1418"}],"curies":[{"name":"wp","href":"https:\/\/api.w.org\/{rel}","templated":true}]}}