{"id":1411,"date":"2021-12-01T22:22:09","date_gmt":"2021-12-01T21:22:09","guid":{"rendered":"http:\/\/derecupetdart.com\/?post_type=product&#038;p=1411"},"modified":"2022-02-10T22:49:04","modified_gmt":"2022-02-10T21:49:04","slug":"pot-decore-3","status":"publish","type":"product","link":"https:\/\/derecupetdart.com\/index.php\/produit\/pot-decore-3\/","title":{"rendered":"Pot d\u00e9cor\u00e9 3"},"content":{"rendered":"<p>Petit pot d\u00e9cor\u00e9<\/p>\n<p>hauteur 8 cm<\/p>\n<p>diam\u00e8tre 6 cm<\/p>\n<p>Prix : 2\u20ac<\/p>\n","protected":false},"excerpt":{"rendered":"[video width=\"640\" height=\"352\" mp4=\"http:\/\/derecupetdart.com\/wp-content\/uploads\/2021\/11\/VID-20211117-WA0000.mp4\"][\/video]\n","protected":false},"featured_media":1059,"comment_status":"open","ping_status":"closed","template":"","meta":{"site-sidebar-layout":"default","site-content-layout":"default","ast-main-header-display":"","ast-hfb-above-header-display":"","ast-hfb-below-header-display":"","ast-hfb-mobile-header-display":"","site-post-title":"","ast-breadcrumbs-content":"","ast-featured-img":"","footer-sml-layout":"","theme-transparent-header-meta":"default","adv-header-id-meta":"","stick-header-meta":"","header-above-stick-meta":"","header-main-stick-meta":"","header-below-stick-meta":"","spay_email":""},"product_cat":[55,56,50,57,24,20,45],"product_tag":[],"_links":{"self":[{"href":"https:\/\/derecupetdart.com\/index.php\/wp-json\/wp\/v2\/product\/1411"}],"collection":[{"href":"https:\/\/derecupetdart.com\/index.php\/wp-json\/wp\/v2\/product"}],"about":[{"href":"https:\/\/derecupetdart.com\/index.php\/wp-json\/wp\/v2\/types\/product"}],"replies":[{"embeddable":true,"href":"https:\/\/derecupetdart.com\/index.php\/wp-json\/wp\/v2\/comments?post=1411"}],"wp:featuredmedia":[{"embeddable":true,"href":"https:\/\/derecupetdart.com\/index.php\/wp-json\/wp\/v2\/media\/1059"}],"wp:attachment":[{"href":"https:\/\/derecupetdart.com\/index.php\/wp-json\/wp\/v2\/media?parent=1411"}],"wp:term":[{"taxonomy":"product_cat","embeddable":true,"href":"https:\/\/derecupetdart.com\/index.php\/wp-json\/wp\/v2\/product_cat?post=1411"},{"taxonomy":"product_tag","embeddable":true,"href":"https:\/\/derecupetdart.com\/index.php\/wp-json\/wp\/v2\/product_tag?post=1411"}],"curies":[{"name":"wp","href":"https:\/\/api.w.org\/{rel}","templated":true}]}}