{"id":1382,"date":"2021-12-01T21:33:28","date_gmt":"2021-12-01T20:33:28","guid":{"rendered":"http:\/\/derecupetdart.com\/?post_type=product&#038;p=1382"},"modified":"2022-02-11T13:48:07","modified_gmt":"2022-02-11T12:48:07","slug":"marque-pages-vegetal-6","status":"publish","type":"product","link":"https:\/\/derecupetdart.com\/index.php\/produit\/marque-pages-vegetal-6\/","title":{"rendered":"Marque-pages v\u00e9g\u00e9tal 6"},"content":{"rendered":"<p>Marque-pages plastifi\u00e9<\/p>\n<p>Imaginaire v\u00e9g\u00e9tal<\/p>\n<p>19.5 x 7cm<\/p>\n<p>Prix : 3 \u20ac<\/p>\n","protected":false},"excerpt":{"rendered":"<p>Marque-pages plastifi\u00e9 Imaginaire v\u00e9g\u00e9tal 19.5 x 7cm Prix : 3 \u20ac<\/p>\n","protected":false},"featured_media":1078,"comment_status":"open","ping_status":"closed","template":"","meta":{"site-sidebar-layout":"default","site-content-layout":"default","ast-main-header-display":"","ast-hfb-above-header-display":"","ast-hfb-below-header-display":"","ast-hfb-mobile-header-display":"","site-post-title":"","ast-breadcrumbs-content":"","ast-featured-img":"","footer-sml-layout":"","theme-transparent-header-meta":"default","adv-header-id-meta":"","stick-header-meta":"","header-above-stick-meta":"","header-main-stick-meta":"","header-below-stick-meta":"","spay_email":""},"product_cat":[55,56,50,21,67,19,20,48],"product_tag":[],"_links":{"self":[{"href":"https:\/\/derecupetdart.com\/index.php\/wp-json\/wp\/v2\/product\/1382"}],"collection":[{"href":"https:\/\/derecupetdart.com\/index.php\/wp-json\/wp\/v2\/product"}],"about":[{"href":"https:\/\/derecupetdart.com\/index.php\/wp-json\/wp\/v2\/types\/product"}],"replies":[{"embeddable":true,"href":"https:\/\/derecupetdart.com\/index.php\/wp-json\/wp\/v2\/comments?post=1382"}],"wp:featuredmedia":[{"embeddable":true,"href":"https:\/\/derecupetdart.com\/index.php\/wp-json\/wp\/v2\/media\/1078"}],"wp:attachment":[{"href":"https:\/\/derecupetdart.com\/index.php\/wp-json\/wp\/v2\/media?parent=1382"}],"wp:term":[{"taxonomy":"product_cat","embeddable":true,"href":"https:\/\/derecupetdart.com\/index.php\/wp-json\/wp\/v2\/product_cat?post=1382"},{"taxonomy":"product_tag","embeddable":true,"href":"https:\/\/derecupetdart.com\/index.php\/wp-json\/wp\/v2\/product_tag?post=1382"}],"curies":[{"name":"wp","href":"https:\/\/api.w.org\/{rel}","templated":true}]}}