{"id":1145,"date":"2021-11-27T17:21:16","date_gmt":"2021-11-27T16:21:16","guid":{"rendered":"http:\/\/derecupetdart.com\/?post_type=product&#038;p=1145"},"modified":"2023-04-16T06:36:25","modified_gmt":"2023-04-16T04:36:25","slug":"coiffeuse-ancienne","status":"publish","type":"product","link":"https:\/\/derecupetdart.com\/index.php\/produit\/coiffeuse-ancienne\/","title":{"rendered":"Coiffeuse ancienne"},"content":{"rendered":"<p>Coiffeuse en bois d\u00e9cor flacon.<\/p>\n<p>Dimensions pli\u00e9e : 62&#215;113 cm<\/p>\n<p>Dimensions d\u00e9pli\u00e9e : 90&#215;113 cm<\/p>\n<p>Hauteur : 72 cm<\/p>\n<p>Prix : 110\u20ac<\/p>\n","protected":false},"excerpt":{"rendered":"<p>Coiffeuse en bois d\u00e9cor flacon. Dimensions pli\u00e9e : 62&#215;113 cm Dimensions d\u00e9pli\u00e9e : 90&#215;113 cm Hauteur : 72 cm Prix : 110\u20ac<\/p>\n","protected":false},"featured_media":1010,"comment_status":"open","ping_status":"closed","template":"","meta":{"site-sidebar-layout":"default","site-content-layout":"default","ast-main-header-display":"","ast-hfb-above-header-display":"","ast-hfb-below-header-display":"","ast-hfb-mobile-header-display":"","site-post-title":"","ast-breadcrumbs-content":"","ast-featured-img":"","footer-sml-layout":"","theme-transparent-header-meta":"default","adv-header-id-meta":"","stick-header-meta":"","header-above-stick-meta":"","header-main-stick-meta":"","header-below-stick-meta":"","spay_email":""},"product_cat":[55,56,49,33,63,41,45],"product_tag":[],"_links":{"self":[{"href":"https:\/\/derecupetdart.com\/index.php\/wp-json\/wp\/v2\/product\/1145"}],"collection":[{"href":"https:\/\/derecupetdart.com\/index.php\/wp-json\/wp\/v2\/product"}],"about":[{"href":"https:\/\/derecupetdart.com\/index.php\/wp-json\/wp\/v2\/types\/product"}],"replies":[{"embeddable":true,"href":"https:\/\/derecupetdart.com\/index.php\/wp-json\/wp\/v2\/comments?post=1145"}],"wp:featuredmedia":[{"embeddable":true,"href":"https:\/\/derecupetdart.com\/index.php\/wp-json\/wp\/v2\/media\/1010"}],"wp:attachment":[{"href":"https:\/\/derecupetdart.com\/index.php\/wp-json\/wp\/v2\/media?parent=1145"}],"wp:term":[{"taxonomy":"product_cat","embeddable":true,"href":"https:\/\/derecupetdart.com\/index.php\/wp-json\/wp\/v2\/product_cat?post=1145"},{"taxonomy":"product_tag","embeddable":true,"href":"https:\/\/derecupetdart.com\/index.php\/wp-json\/wp\/v2\/product_tag?post=1145"}],"curies":[{"name":"wp","href":"https:\/\/api.w.org\/{rel}","templated":true}]}}