{"id":1144,"date":"2021-11-27T17:19:57","date_gmt":"2021-11-27T16:19:57","guid":{"rendered":"http:\/\/derecupetdart.com\/?post_type=product&#038;p=1144"},"modified":"2022-02-14T19:36:17","modified_gmt":"2022-02-14T18:36:17","slug":"meuble-vitrine","status":"publish","type":"product","link":"https:\/\/derecupetdart.com\/index.php\/produit\/meuble-vitrine\/","title":{"rendered":"Meuble vitrine"},"content":{"rendered":"<p>Biblioth\u00e9que bois une \u00e9tag\u00e8re, trois tiroirs.<\/p>\n<p>Dimensions : 85 x 194 x 45 cm<\/p>\n<p>Prix : 120\u20ac<\/p>\n","protected":false},"excerpt":{"rendered":"<p>Biblioth\u00e9que bois une \u00e9tag\u00e8re, trois tiroirs. Dimensions : 85 x 194 x 45 cm Prix : 120\u20ac<\/p>\n","protected":false},"featured_media":1009,"comment_status":"open","ping_status":"closed","template":"","meta":{"site-sidebar-layout":"default","site-content-layout":"default","ast-main-header-display":"","ast-hfb-above-header-display":"","ast-hfb-below-header-display":"","ast-hfb-mobile-header-display":"","site-post-title":"","ast-breadcrumbs-content":"","ast-featured-img":"","footer-sml-layout":"","theme-transparent-header-meta":"default","adv-header-id-meta":"","stick-header-meta":"","header-above-stick-meta":"","header-main-stick-meta":"","header-below-stick-meta":"","spay_email":""},"product_cat":[55,56,49,33,63,41,45],"product_tag":[],"_links":{"self":[{"href":"https:\/\/derecupetdart.com\/index.php\/wp-json\/wp\/v2\/product\/1144"}],"collection":[{"href":"https:\/\/derecupetdart.com\/index.php\/wp-json\/wp\/v2\/product"}],"about":[{"href":"https:\/\/derecupetdart.com\/index.php\/wp-json\/wp\/v2\/types\/product"}],"replies":[{"embeddable":true,"href":"https:\/\/derecupetdart.com\/index.php\/wp-json\/wp\/v2\/comments?post=1144"}],"wp:featuredmedia":[{"embeddable":true,"href":"https:\/\/derecupetdart.com\/index.php\/wp-json\/wp\/v2\/media\/1009"}],"wp:attachment":[{"href":"https:\/\/derecupetdart.com\/index.php\/wp-json\/wp\/v2\/media?parent=1144"}],"wp:term":[{"taxonomy":"product_cat","embeddable":true,"href":"https:\/\/derecupetdart.com\/index.php\/wp-json\/wp\/v2\/product_cat?post=1144"},{"taxonomy":"product_tag","embeddable":true,"href":"https:\/\/derecupetdart.com\/index.php\/wp-json\/wp\/v2\/product_tag?post=1144"}],"curies":[{"name":"wp","href":"https:\/\/api.w.org\/{rel}","templated":true}]}}