{"id":1140,"date":"2021-11-27T07:41:49","date_gmt":"2021-11-27T06:41:49","guid":{"rendered":"http:\/\/derecupetdart.com\/?post_type=product&#038;p=1140"},"modified":"2023-04-02T06:35:00","modified_gmt":"2023-04-02T04:35:00","slug":"table-de-jeu","status":"publish","type":"product","link":"https:\/\/derecupetdart.com\/index.php\/produit\/table-de-jeu\/","title":{"rendered":"Table de jeu"},"content":{"rendered":"<p>Table basse en bois relook\u00e9e en table de jeu de dames et d&rsquo;\u00e9chec.<\/p>\n<p>Les pions sont sculpt\u00e9s \u00e0 la main.<\/p>\n<p>Avec deux tabourets.<\/p>\n<p>Dimensions 100 x 50 x 45 cm<\/p>\n<p>Prix :250\u20ac<\/p>\n<p>&nbsp;<\/p>\n","protected":false},"excerpt":{"rendered":"<p>Table basse en bois relook\u00e9e en table de jeu de dames et d&rsquo;\u00e9chec. Les pions sont sculpt\u00e9s \u00e0 la main. Avec deux tabourets. Dimensions 100 x 50 x 45 cm Prix :250\u20ac &nbsp;<\/p>\n","protected":false},"featured_media":2538,"comment_status":"open","ping_status":"closed","template":"","meta":{"site-sidebar-layout":"default","site-content-layout":"default","ast-main-header-display":"","ast-hfb-above-header-display":"","ast-hfb-below-header-display":"","ast-hfb-mobile-header-display":"","site-post-title":"","ast-breadcrumbs-content":"","ast-featured-img":"","footer-sml-layout":"","theme-transparent-header-meta":"default","adv-header-id-meta":"","stick-header-meta":"","header-above-stick-meta":"","header-main-stick-meta":"","header-below-stick-meta":"","spay_email":""},"product_cat":[55,56,51,33,63,41,45],"product_tag":[],"_links":{"self":[{"href":"https:\/\/derecupetdart.com\/index.php\/wp-json\/wp\/v2\/product\/1140"}],"collection":[{"href":"https:\/\/derecupetdart.com\/index.php\/wp-json\/wp\/v2\/product"}],"about":[{"href":"https:\/\/derecupetdart.com\/index.php\/wp-json\/wp\/v2\/types\/product"}],"replies":[{"embeddable":true,"href":"https:\/\/derecupetdart.com\/index.php\/wp-json\/wp\/v2\/comments?post=1140"}],"wp:featuredmedia":[{"embeddable":true,"href":"https:\/\/derecupetdart.com\/index.php\/wp-json\/wp\/v2\/media\/2538"}],"wp:attachment":[{"href":"https:\/\/derecupetdart.com\/index.php\/wp-json\/wp\/v2\/media?parent=1140"}],"wp:term":[{"taxonomy":"product_cat","embeddable":true,"href":"https:\/\/derecupetdart.com\/index.php\/wp-json\/wp\/v2\/product_cat?post=1140"},{"taxonomy":"product_tag","embeddable":true,"href":"https:\/\/derecupetdart.com\/index.php\/wp-json\/wp\/v2\/product_tag?post=1140"}],"curies":[{"name":"wp","href":"https:\/\/api.w.org\/{rel}","templated":true}]}}