{"id":1138,"date":"2021-11-27T07:20:43","date_gmt":"2021-11-27T06:20:43","guid":{"rendered":"http:\/\/derecupetdart.com\/?post_type=product&#038;p=1138"},"modified":"2022-02-10T23:03:25","modified_gmt":"2022-02-10T22:03:25","slug":"feminin-enchaine","status":"publish","type":"product","link":"https:\/\/derecupetdart.com\/index.php\/produit\/feminin-enchaine\/","title":{"rendered":"F\u00e9minin enchain\u00e9"},"content":{"rendered":"<p>Sculpture m\u00e9tallique<\/p>\n<p>Dimension: <span style=\"font-size: 16px; font-style: normal; font-weight: 400;\">Hauteur 54 cm<\/span><\/p>\n<p>Prix : 80\u20ac<\/p>\n","protected":false},"excerpt":{"rendered":"<p>La soumission\u2026Le carcan religieux&#8230;La femme rev\u00eat uniquement la couleur de ses cha\u00eenes.<\/p>\n","protected":false},"featured_media":1139,"comment_status":"open","ping_status":"closed","template":"","meta":{"site-sidebar-layout":"default","site-content-layout":"default","ast-main-header-display":"","ast-hfb-above-header-display":"","ast-hfb-below-header-display":"","ast-hfb-mobile-header-display":"","site-post-title":"","ast-breadcrumbs-content":"","ast-featured-img":"","footer-sml-layout":"","theme-transparent-header-meta":"default","adv-header-id-meta":"","stick-header-meta":"","header-above-stick-meta":"","header-main-stick-meta":"","header-below-stick-meta":"","spay_email":""},"product_cat":[55,56,51,31,20],"product_tag":[],"_links":{"self":[{"href":"https:\/\/derecupetdart.com\/index.php\/wp-json\/wp\/v2\/product\/1138"}],"collection":[{"href":"https:\/\/derecupetdart.com\/index.php\/wp-json\/wp\/v2\/product"}],"about":[{"href":"https:\/\/derecupetdart.com\/index.php\/wp-json\/wp\/v2\/types\/product"}],"replies":[{"embeddable":true,"href":"https:\/\/derecupetdart.com\/index.php\/wp-json\/wp\/v2\/comments?post=1138"}],"wp:featuredmedia":[{"embeddable":true,"href":"https:\/\/derecupetdart.com\/index.php\/wp-json\/wp\/v2\/media\/1139"}],"wp:attachment":[{"href":"https:\/\/derecupetdart.com\/index.php\/wp-json\/wp\/v2\/media?parent=1138"}],"wp:term":[{"taxonomy":"product_cat","embeddable":true,"href":"https:\/\/derecupetdart.com\/index.php\/wp-json\/wp\/v2\/product_cat?post=1138"},{"taxonomy":"product_tag","embeddable":true,"href":"https:\/\/derecupetdart.com\/index.php\/wp-json\/wp\/v2\/product_tag?post=1138"}],"curies":[{"name":"wp","href":"https:\/\/api.w.org\/{rel}","templated":true}]}}