{"id":1545,"date":"2021-12-02T16:04:04","date_gmt":"2021-12-02T15:04:04","guid":{"rendered":"http:\/\/derecupetdart.com\/?page_id=1545"},"modified":"2022-02-05T21:42:08","modified_gmt":"2022-02-05T20:42:08","slug":"chez-nanou","status":"publish","type":"page","link":"https:\/\/derecupetdart.com\/index.php\/chez-nanou\/","title":{"rendered":"Chez Nanou"},"content":{"rendered":"\t\t<div data-elementor-type=\"wp-page\" data-elementor-id=\"1545\" class=\"elementor elementor-1545\" data-elementor-settings=\"[]\">\n\t\t\t\t\t\t\t<div class=\"elementor-section-wrap\">\n\t\t\t\t\t\t\t<section class=\"elementor-section elementor-top-section elementor-element elementor-element-ea54aef elementor-section-boxed elementor-section-height-default elementor-section-height-default\" data-id=\"ea54aef\" data-element_type=\"section\">\n\t\t\t\t\t\t<div class=\"elementor-container elementor-column-gap-default\">\n\t\t\t\t\t<div class=\"elementor-column elementor-col-100 elementor-top-column elementor-element elementor-element-6b5af4b\" data-id=\"6b5af4b\" data-element_type=\"column\">\n\t\t\t<div class=\"elementor-widget-wrap elementor-element-populated\">\n\t\t\t\t\t\t\t\t<div class=\"elementor-element elementor-element-ed30ee9 elementor-widget elementor-widget-spacer\" data-id=\"ed30ee9\" data-element_type=\"widget\" data-widget_type=\"spacer.default\">\n\t\t\t\t<div class=\"elementor-widget-container\">\n\t\t\t\t\t<div class=\"elementor-spacer\">\n\t\t\t<div class=\"elementor-spacer-inner\"><\/div>\n\t\t<\/div>\n\t\t\t\t<\/div>\n\t\t\t\t<\/div>\n\t\t\t\t<div class=\"elementor-element elementor-element-bdc2327 elementor-widget elementor-widget-heading\" data-id=\"bdc2327\" data-element_type=\"widget\" data-widget_type=\"heading.default\">\n\t\t\t\t<div class=\"elementor-widget-container\">\n\t\t\t<h2 class=\"elementor-heading-title elementor-size-default\">Chez Nanou<\/h2>\t\t<\/div>\n\t\t\t\t<\/div>\n\t\t\t\t<div class=\"elementor-element elementor-element-b3598f2 elementor-widget elementor-widget-spacer\" data-id=\"b3598f2\" data-element_type=\"widget\" data-widget_type=\"spacer.default\">\n\t\t\t\t<div class=\"elementor-widget-container\">\n\t\t\t\t\t<div class=\"elementor-spacer\">\n\t\t\t<div class=\"elementor-spacer-inner\"><\/div>\n\t\t<\/div>\n\t\t\t\t<\/div>\n\t\t\t\t<\/div>\n\t\t\t\t\t<\/div>\n\t\t<\/div>\n\t\t\t\t\t\t\t<\/div>\n\t\t<\/section>\n\t\t\t\t<section class=\"elementor-section elementor-top-section elementor-element elementor-element-6d8a6ec elementor-section-boxed elementor-section-height-default elementor-section-height-default\" data-id=\"6d8a6ec\" data-element_type=\"section\">\n\t\t\t\t\t\t<div class=\"elementor-container elementor-column-gap-default\">\n\t\t\t\t\t<div class=\"elementor-column elementor-col-100 elementor-top-column elementor-element elementor-element-c855d3c\" data-id=\"c855d3c\" data-element_type=\"column\">\n\t\t\t<div class=\"elementor-widget-wrap elementor-element-populated\">\n\t\t\t\t\t\t\t\t<section class=\"elementor-section elementor-inner-section elementor-element elementor-element-26ce710 elementor-section-boxed elementor-section-height-default elementor-section-height-default\" data-id=\"26ce710\" data-element_type=\"section\">\n\t\t\t\t\t\t<div class=\"elementor-container elementor-column-gap-default\">\n\t\t\t\t\t<div class=\"elementor-column elementor-col-50 elementor-inner-column elementor-element elementor-element-543f1b7\" data-id=\"543f1b7\" data-element_type=\"column\">\n\t\t\t<div class=\"elementor-widget-wrap elementor-element-populated\">\n\t\t\t\t\t\t\t\t<div class=\"elementor-element elementor-element-c948b23 elementor-widget elementor-widget-text-editor\" data-id=\"c948b23\" data-element_type=\"widget\" data-widget_type=\"text-editor.default\">\n\t\t\t\t<div class=\"elementor-widget-container\">\n\t\t\t\t\t\t\t<p>Inspir\u00e9e par la nature, la cr\u00e9ation est ma passion.<\/p><p>Je la peins, je l&rsquo;\u00e9cris, je l&rsquo;imagine.<\/p><p>Venez partager ma vision&#8230;<\/p>\t\t\t\t\t\t<\/div>\n\t\t\t\t<\/div>\n\t\t\t\t<div class=\"elementor-element elementor-element-fa96ac9 elementor-widget elementor-widget-image\" data-id=\"fa96ac9\" data-element_type=\"widget\" data-widget_type=\"image.default\">\n\t\t\t\t<div class=\"elementor-widget-container\">\n\t\t\t\t\t\t\t\t\t\t\t\t\t\t\t<img width=\"150\" height=\"150\" src=\"https:\/\/derecupetdart.com\/wp-content\/uploads\/2021\/11\/derecupetdart-cheznanou-1-150x150.png\" class=\"attachment-thumbnail size-thumbnail\" alt=\"\" loading=\"lazy\" srcset=\"https:\/\/derecupetdart.com\/wp-content\/uploads\/2021\/11\/derecupetdart-cheznanou-1-150x150.png 150w, https:\/\/derecupetdart.com\/wp-content\/uploads\/2021\/11\/derecupetdart-cheznanou-1-300x300.png 300w, https:\/\/derecupetdart.com\/wp-content\/uploads\/2021\/11\/derecupetdart-cheznanou-1-100x100.png 100w, https:\/\/derecupetdart.com\/wp-content\/uploads\/2021\/11\/derecupetdart-cheznanou-1.png 500w\" sizes=\"(max-width: 150px) 100vw, 150px\" \/>\t\t\t\t\t\t\t\t\t\t\t\t\t\t\t<\/div>\n\t\t\t\t<\/div>\n\t\t\t\t<div class=\"elementor-element elementor-element-bb0737b elementor-align-center elementor-widget elementor-widget-button\" data-id=\"bb0737b\" data-element_type=\"widget\" data-widget_type=\"button.default\">\n\t\t\t\t<div class=\"elementor-widget-container\">\n\t\t\t\t\t<div class=\"elementor-button-wrapper\">\n\t\t\t<a href=\"http:\/\/derecupetdart.com\/index.php\/categorie-produit\/artistes\/chez-nanou\/\" class=\"elementor-button-link elementor-button elementor-size-sm\" role=\"button\">\n\t\t\t\t\t\t<span class=\"elementor-button-content-wrapper\">\n\t\t\t\t\t\t<span class=\"elementor-button-text\">Cr\u00e9ations<\/span>\n\t\t<\/span>\n\t\t\t\t\t<\/a>\n\t\t<\/div>\n\t\t\t\t<\/div>\n\t\t\t\t<\/div>\n\t\t\t\t\t<\/div>\n\t\t<\/div>\n\t\t\t\t<div class=\"elementor-column elementor-col-50 elementor-inner-column elementor-element elementor-element-830ca7e\" data-id=\"830ca7e\" data-element_type=\"column\">\n\t\t\t<div class=\"elementor-widget-wrap elementor-element-populated\">\n\t\t\t\t\t\t\t\t<div class=\"elementor-element elementor-element-11e844b elementor-widget elementor-widget-image\" data-id=\"11e844b\" data-element_type=\"widget\" data-widget_type=\"image.default\">\n\t\t\t\t<div class=\"elementor-widget-container\">\n\t\t\t\t\t\t\t\t\t\t\t\t\t\t\t<img width=\"1024\" height=\"576\" src=\"https:\/\/derecupetdart.com\/wp-content\/uploads\/2022\/01\/DSCN2085-1024x576.jpg\" class=\"attachment-large size-large\" alt=\"\" loading=\"lazy\" srcset=\"https:\/\/derecupetdart.com\/wp-content\/uploads\/2022\/01\/DSCN2085-1024x576.jpg 1024w, https:\/\/derecupetdart.com\/wp-content\/uploads\/2022\/01\/DSCN2085-300x169.jpg 300w, https:\/\/derecupetdart.com\/wp-content\/uploads\/2022\/01\/DSCN2085-768x432.jpg 768w, https:\/\/derecupetdart.com\/wp-content\/uploads\/2022\/01\/DSCN2085-1536x864.jpg 1536w, https:\/\/derecupetdart.com\/wp-content\/uploads\/2022\/01\/DSCN2085-1320x743.jpg 1320w, https:\/\/derecupetdart.com\/wp-content\/uploads\/2022\/01\/DSCN2085-600x338.jpg 600w, https:\/\/derecupetdart.com\/wp-content\/uploads\/2022\/01\/DSCN2085.jpg 1920w\" sizes=\"(max-width: 1024px) 100vw, 1024px\" \/>\t\t\t\t\t\t\t\t\t\t\t\t\t\t\t<\/div>\n\t\t\t\t<\/div>\n\t\t\t\t\t<\/div>\n\t\t<\/div>\n\t\t\t\t\t\t\t<\/div>\n\t\t<\/section>\n\t\t\t\t\t<\/div>\n\t\t<\/div>\n\t\t\t\t\t\t\t<\/div>\n\t\t<\/section>\n\t\t\t\t<section class=\"elementor-section elementor-top-section elementor-element elementor-element-35e99c4 elementor-section-boxed elementor-section-height-default elementor-section-height-default\" data-id=\"35e99c4\" data-element_type=\"section\">\n\t\t\t\t\t\t<div class=\"elementor-container elementor-column-gap-default\">\n\t\t\t\t\t<div class=\"elementor-column elementor-col-100 elementor-top-column elementor-element elementor-element-852c5af\" data-id=\"852c5af\" data-element_type=\"column\">\n\t\t\t<div class=\"elementor-widget-wrap\">\n\t\t\t\t\t\t\t\t\t<\/div>\n\t\t<\/div>\n\t\t\t\t\t\t\t<\/div>\n\t\t<\/section>\n\t\t\t\t\t\t<\/div>\n\t\t\t\t\t<\/div>\n\t\t","protected":false},"excerpt":{"rendered":"<p>Chez Nanou Inspir\u00e9e par la nature, la cr\u00e9ation est ma passion. Je la peins, je l&rsquo;\u00e9cris, je l&rsquo;imagine. Venez partager ma vision&#8230; Cr\u00e9ations<\/p>\n","protected":false},"author":1,"featured_media":0,"parent":0,"menu_order":0,"comment_status":"closed","ping_status":"closed","template":"","meta":{"site-sidebar-layout":"no-sidebar","site-content-layout":"page-builder","ast-main-header-display":"","ast-hfb-above-header-display":"","ast-hfb-below-header-display":"","ast-hfb-mobile-header-display":"","site-post-title":"disabled","ast-breadcrumbs-content":"","ast-featured-img":"disabled","footer-sml-layout":"","theme-transparent-header-meta":"","adv-header-id-meta":"","stick-header-meta":"","header-above-stick-meta":"","header-main-stick-meta":"","header-below-stick-meta":"","spay_email":""},"_links":{"self":[{"href":"https:\/\/derecupetdart.com\/index.php\/wp-json\/wp\/v2\/pages\/1545"}],"collection":[{"href":"https:\/\/derecupetdart.com\/index.php\/wp-json\/wp\/v2\/pages"}],"about":[{"href":"https:\/\/derecupetdart.com\/index.php\/wp-json\/wp\/v2\/types\/page"}],"author":[{"embeddable":true,"href":"https:\/\/derecupetdart.com\/index.php\/wp-json\/wp\/v2\/users\/1"}],"replies":[{"embeddable":true,"href":"https:\/\/derecupetdart.com\/index.php\/wp-json\/wp\/v2\/comments?post=1545"}],"version-history":[{"count":31,"href":"https:\/\/derecupetdart.com\/index.php\/wp-json\/wp\/v2\/pages\/1545\/revisions"}],"predecessor-version":[{"id":2254,"href":"https:\/\/derecupetdart.com\/index.php\/wp-json\/wp\/v2\/pages\/1545\/revisions\/2254"}],"wp:attachment":[{"href":"https:\/\/derecupetdart.com\/index.php\/wp-json\/wp\/v2\/media?parent=1545"}],"curies":[{"name":"wp","href":"https:\/\/api.w.org\/{rel}","templated":true}]}}